{"id":2167,"date":"2015-03-12T14:52:34","date_gmt":"2015-03-12T14:52:34","guid":{"rendered":"http:\/\/demo-content.kaliumtheme.com\/main\/?page_id=2167"},"modified":"2025-10-03T20:11:31","modified_gmt":"2025-10-03T20:11:31","slug":"hakkinda","status":"publish","type":"page","link":"https:\/\/ebrunakamura.com\/tr\/hakkinda\/","title":{"rendered":"Hakk\u0131nda"},"content":{"rendered":"<div class=\"wpb-content-wrapper\"><p>[vc_row][vc_column reveal_effect=&#8221;fadeIn&#8221; reveal_duration=&#8221;0.7&#8243; reveal_delay=&#8221;0.1&#8243;][lab_heading title_tag=&#8221;H1&#8243; title=&#8221;Hakk\u0131nda&#8221;][\/lab_heading][\/vc_column][\/vc_row][vc_row][vc_column width=&#8221;5\/12&#8243; reveal_effect=&#8221;fadeIn&#8221; reveal_duration=&#8221;1&#8243; reveal_delay=&#8221;0.3&#8243;][vc_single_image image=&#8221;5029&#8243; img_size=&#8221;full&#8221;][vc_empty_space][vc_column_text css=&#8221;&#8221;]<span style=\"font-weight: 400;\">Ya\u015fam\u0131n g\u00f6zle g\u00f6r\u00fclmeyen enerjisini ve formlar\u0131n\u0131 eserleri arac\u0131l\u0131\u011f\u0131 ile ara\u015ft\u0131ran ve yans\u0131tan bir sanat\u00e7\u0131 olarak astronomi, biyoloji, mikroskobik g\u00f6r\u00fcnt\u00fcler, bilin\u00e7 kavram\u0131, psikoloji ve sumi-e resimleri ile yak\u0131ndan ilgiliyim.<\/span><\/p>\n<p><span style=\"font-weight: 400;\">Eserlerimi \u00fcretirken ya\u015fam deneyiminin insan\u0131n kendi biyolojik k\u0131s\u0131tlamalar\u0131, alg\u0131lama bi\u00e7imleri ve hayata dair tahminleriyle \u015fekillendi\u011fi ger\u00e7e\u011fiyle hareket ediyorum. Bu ger\u00e7eklik tahmin edilemeyecek kadar \u00e7ok ve birbirinden farkl\u0131 bak\u0131\u015f a\u00e7\u0131s\u0131n\u0131 ve deneyimleri i\u00e7inde bar\u0131nd\u0131rmakta. Eserlerimi \u00fcretti\u011fim an esnas\u0131nda ya\u015fad\u0131\u011f\u0131m ger\u00e7eklik de s\u00fcrekli de\u011fi\u015fmekte. Dolay\u0131s\u0131yla yapt\u0131\u011f\u0131m her resim benim i\u00e7in farkl\u0131 bir ara\u015ft\u0131rma, varolu\u015f ve macera\u2026\u00a0<\/span><\/p>\n<p><span style=\"font-weight: 400;\">\u00a0Mimar Sinan G\u00fczel Sanatlar \u00dcniversitesi\u2019nde Sahne ve Kost\u00fcm Tasar\u0131m\u0131 B\u00f6l\u00fcm\u00fc\u2019nden mezun olduktan sonra, film sekt\u00f6r\u00fcnde sanat y\u00f6netmeni olarak deneyim kazanman\u0131n yan\u0131s\u0131ra vitrin tasar\u0131m\u0131, duvar resmi ve ill\u00fcstrasyon alanlar\u0131nda da uzun y\u0131llar \u00e7al\u0131\u015ft\u0131m. Bodrum\u2019a yerle\u015fti\u011fimden beri, sanat hayat\u0131m\u0131, resim \u00e7al\u0131\u015fmalar\u0131ma a\u011f\u0131rl\u0131k vererek s\u00fcrd\u00fcrmekteyim.<\/span>[\/vc_column_text][\/vc_column][vc_column width=&#8221;7\/12&#8243; reveal_effect=&#8221;fadeIn&#8221; reveal_duration=&#8221;1.5&#8243; reveal_delay=&#8221;0.5&#8243;][lab_scroll_box scroll_height=&#8221;492&#8243; css=&#8221;.vc_custom_1759562075301{padding-top: 30px !important;padding-right: 15px !important;padding-bottom: 45px !important;padding-left: 45px !important;background-color: #eeeeee !important;}&#8221;]<\/p>\n<h3>Ebru Nakamura<\/h3>\n<p><span style=\"font-weight: 400;\">1974\u2019te \u0130stanbul\u2019da do\u011fdu.<\/span><\/p>\n<p><span style=\"font-weight: 400;\">\u0130stanbul ve Bodrum\u2019da \u00e7al\u0131\u015fmalar\u0131n\u0131 s\u00fcrd\u00fcrmektedir.<\/span><\/p>\n<p>&nbsp;<\/p>\n<p><span style=\"font-weight: 400;\">E\u011e\u0130T\u0130M<\/span><\/p>\n<p><span style=\"font-weight: 400;\">1998\u00a0 Mimar Sinan \u00dcniversitesi G\u00fczel Sanatlar Fak\u00fcltesi, Dekor ve Kost\u00fcm Tasar\u0131m\u0131<\/span><\/p>\n<p>&nbsp;<\/p>\n<p><span style=\"font-weight: 400;\">SOLO SERG\u0130LER<\/span><\/p>\n<ul>\n<li style=\"font-weight: 400;\" aria-level=\"1\"><span style=\"font-weight: 400;\">2021 Yolculuk, HEY JOE SANAT GALER\u0130S\u0130, Bodrum, T\u00fcrkiye<\/span><\/li>\n<li style=\"font-weight: 400;\" aria-level=\"1\"><span style=\"font-weight: 400;\">2020 Nefes, R\u0130TTER B\u0130TTER SANAT GALER\u0130S\u0130, Bodrum, T\u00fcrkiye<\/span><\/li>\n<\/ul>\n<p>&nbsp;<\/p>\n<p><span style=\"font-weight: 400;\">GRUP SERG\u0130LER\u0130<\/span><\/p>\n<ul>\n<li style=\"font-weight: 400;\" aria-level=\"1\"><span style=\"font-weight: 400;\">2025 K\u00fc\u00e7\u00fck Ac\u0131lar, B\u00fcy\u00fck \u015eark\u0131lar \/ K\u00fc\u00e7\u00fck Sanat\u00e7\u0131 Kitaplar\u0131 Sergisi, Pasaj &amp; G\u00fcm\u00fc\u015fl\u00fck Sanat \u00a0 Akademisi, Bodrum, T\u00fcrkiye<\/span><\/li>\n<li style=\"font-weight: 400;\" aria-level=\"1\"><span style=\"font-weight: 400;\">2025 Anlat Bana, BAB BODRUM AT\u00d6LYE BULU\u015eMALARI, \u0130NSPERA, Bodrum, T\u00fcrkiye<\/span><\/li>\n<li style=\"font-weight: 400;\" aria-level=\"1\"><span style=\"font-weight: 400;\">2024 Contemporary \u0130stanbul Sanat Fuar\u0131, B\u00dcRO SARIGED\u0130K temsili ile, \u0130stanbul, T\u00fcrkiye<\/span><\/li>\n<li style=\"font-weight: 400;\" aria-level=\"1\"><span style=\"font-weight: 400;\">2024 Nat\u00fcrel Abstrakt, BODRUM BELED\u0130YES\u0130 ARTEMISIA SALONU, Bodrum, T\u00fcrkiye<\/span><\/li>\n<li style=\"font-weight: 400;\" aria-level=\"1\"><span style=\"font-weight: 400;\">2024 Kesi\u015fme Sergisi, BODRUM AT\u00d6LYE BULU\u015eMALARI, \u0130NSPERA, Bodrum, T\u00fcrkiye<\/span><\/li>\n<li style=\"font-weight: 400;\" aria-level=\"1\"><span style=\"font-weight: 400;\">2024 Deniz \u00dclkesi Sergisi, BODRUM DEN\u0130Z M\u00dcZES\u0130, Bodrum, T\u00fcrkiye<\/span><\/li>\n<li style=\"font-weight: 400;\" aria-level=\"1\"><span style=\"font-weight: 400;\">2023 Ay\u015fe Teyze Sergisi, DAGBELEN K\u00d6Y EV\u0130, Bodrum, T\u00fcrkiye<\/span><\/li>\n<li style=\"font-weight: 400;\" aria-level=\"1\"><span style=\"font-weight: 400;\">2023 Merhaba Sergisi, BODRUM BELED\u0130YES\u0130 KENT M\u00dcZES\u0130, Bodrum, T\u00fcrkiye<\/span><\/li>\n<li style=\"font-weight: 400;\" aria-level=\"1\"><span style=\"font-weight: 400;\">2023 Misafir Sergisi, BAB BODRUM AT\u00d6LYE BULU\u015eMALARI, Bodrum, T\u00fcrkiye<\/span><\/li>\n<li style=\"font-weight: 400;\" aria-level=\"1\"><span style=\"font-weight: 400;\">2023 Ku\u015flar Sergisi, BARG\u0130LYA K\u00dcLT\u00dcR, SANAT VE TUR\u0130ZM FEST\u0130VAL\u0130, Bodrum, T\u00fcrkiye<\/span><\/li>\n<li style=\"font-weight: 400;\" aria-level=\"1\"><span style=\"font-weight: 400;\">2021 Kollektif, HEY JOE SANAT GALER\u0130S\u0130, Bodrum, T\u00fcrkiye<\/span><\/li>\n<\/ul>\n<p>[\/lab_scroll_box][\/vc_column][\/vc_row]<\/p>\n<\/div>","protected":false},"excerpt":{"rendered":"<p>[vc_row][vc_column reveal_effect=&#8221;fadeIn&#8221; reveal_duration=&#8221;0.7&#8243; reveal_delay=&#8221;0.1&#8243;][lab_heading title_tag=&#8221;H1&#8243; title=&#8221;Hakk\u0131nda&#8221;][\/lab_heading][\/vc_column][\/vc_row][vc_row][vc_column width=&#8221;5\/12&#8243; reveal_effect=&#8221;fadeIn&#8221; reveal_duration=&#8221;1&#8243; reveal_delay=&#8221;0.3&#8243;][vc_single_image image=&#8221;5029&#8243; img_size=&#8221;full&#8221;][vc_empty_space][vc_column_text css=&#8221;&#8221;]Ya\u015fam\u0131n g\u00f6zle g\u00f6r\u00fclmeyen enerjisini ve formlar\u0131n\u0131 eserleri arac\u0131l\u0131\u011f\u0131 ile ara\u015ft\u0131ran ve yans\u0131tan bir sanat\u00e7\u0131 olarak astronomi, biyoloji, mikroskobik g\u00f6r\u00fcnt\u00fcler, bilin\u00e7 kavram\u0131, psikoloji ve sumi-e resimleri ile yak\u0131ndan ilgiliyim. Eserlerimi \u00fcretirken ya\u015fam deneyiminin insan\u0131n kendi biyolojik k\u0131s\u0131tlamalar\u0131, alg\u0131lama bi\u00e7imleri ve hayata dair tahminleriyle \u015fekillendi\u011fi&hellip;<\/p>\n","protected":false},"author":1,"featured_media":0,"parent":0,"menu_order":0,"comment_status":"open","ping_status":"open","template":"","meta":{"om_disable_all_campaigns":false,"_mi_skip_tracking":false,"footnotes":""},"class_list":["post-2167","page","type-page","status-publish","hentry"],"acf":[],"yoast_head":"<!-- This site is optimized with the Yoast SEO plugin v26.1.1 - https:\/\/yoast.com\/wordpress\/plugins\/seo\/ -->\n<title>Hakk\u0131nda - Ebru Nakamura - Contemporary Artist<\/title>\n<meta name=\"description\" content=\"Sanat\u00e7\u0131 ile ilgili bilgiler, sanat\u00e7\u0131n\u0131n sanat g\u00f6r\u00fc\u015f\u00fc, \u00e7al\u0131\u015fmalar\u0131 ve kulland\u0131\u011f\u0131 teknikler hakk\u0131nda bilgiler\" \/>\n<meta name=\"robots\" content=\"index, follow, max-snippet:-1, max-image-preview:large, max-video-preview:-1\" \/>\n<link rel=\"canonical\" href=\"https:\/\/ebrunakamura.com\/tr\/hakkinda\/\" \/>\n<meta property=\"og:locale\" content=\"tr_TR\" \/>\n<meta property=\"og:type\" content=\"article\" \/>\n<meta property=\"og:title\" content=\"Hakk\u0131nda - Ebru Nakamura - Contemporary Artist\" \/>\n<meta property=\"og:description\" content=\"Sanat\u00e7\u0131 ile ilgili bilgiler, sanat\u00e7\u0131n\u0131n sanat g\u00f6r\u00fc\u015f\u00fc, \u00e7al\u0131\u015fmalar\u0131 ve kulland\u0131\u011f\u0131 teknikler hakk\u0131nda bilgiler\" \/>\n<meta property=\"og:url\" content=\"https:\/\/ebrunakamura.com\/tr\/hakkinda\/\" \/>\n<meta property=\"og:site_name\" content=\"Ebru Nakamura - Contemporary Artist\" \/>\n<meta property=\"article:modified_time\" content=\"2025-10-03T20:11:31+00:00\" \/>\n<meta name=\"twitter:card\" content=\"summary_large_image\" \/>\n<meta name=\"twitter:label1\" content=\"Tahmini okuma s\u00fcresi\" \/>\n\t<meta name=\"twitter:data1\" content=\"2 dakika\" \/>\n<script type=\"application\/ld+json\" class=\"yoast-schema-graph\">{\"@context\":\"https:\/\/schema.org\",\"@graph\":[{\"@type\":\"WebPage\",\"@id\":\"https:\/\/ebrunakamura.com\/tr\/hakkinda\/\",\"url\":\"https:\/\/ebrunakamura.com\/tr\/hakkinda\/\",\"name\":\"Hakk\u0131nda - Ebru Nakamura - Contemporary Artist\",\"isPartOf\":{\"@id\":\"https:\/\/ebrunakamura.com\/tr\/#website\"},\"datePublished\":\"2015-03-12T14:52:34+00:00\",\"dateModified\":\"2025-10-03T20:11:31+00:00\",\"description\":\"Sanat\u00e7\u0131 ile ilgili bilgiler, sanat\u00e7\u0131n\u0131n sanat g\u00f6r\u00fc\u015f\u00fc, \u00e7al\u0131\u015fmalar\u0131 ve kulland\u0131\u011f\u0131 teknikler hakk\u0131nda bilgiler\",\"breadcrumb\":{\"@id\":\"https:\/\/ebrunakamura.com\/tr\/hakkinda\/#breadcrumb\"},\"inLanguage\":\"tr\",\"potentialAction\":[{\"@type\":\"ReadAction\",\"target\":[\"https:\/\/ebrunakamura.com\/tr\/hakkinda\/\"]}]},{\"@type\":\"BreadcrumbList\",\"@id\":\"https:\/\/ebrunakamura.com\/tr\/hakkinda\/#breadcrumb\",\"itemListElement\":[{\"@type\":\"ListItem\",\"position\":1,\"name\":\"Home\",\"item\":\"https:\/\/ebrunakamura.com\/tr\/\"},{\"@type\":\"ListItem\",\"position\":2,\"name\":\"Hakk\u0131nda\"}]},{\"@type\":\"WebSite\",\"@id\":\"https:\/\/ebrunakamura.com\/tr\/#website\",\"url\":\"https:\/\/ebrunakamura.com\/tr\/\",\"name\":\"Ebru Nakamura - Contemporary Artist\",\"description\":\"Ebru Nakamura&#039;s Portfolio - Contemporary Art\",\"potentialAction\":[{\"@type\":\"SearchAction\",\"target\":{\"@type\":\"EntryPoint\",\"urlTemplate\":\"https:\/\/ebrunakamura.com\/tr\/?s={search_term_string}\"},\"query-input\":{\"@type\":\"PropertyValueSpecification\",\"valueRequired\":true,\"valueName\":\"search_term_string\"}}],\"inLanguage\":\"tr\"}]}<\/script>\n<!-- \/ Yoast SEO plugin. -->","yoast_head_json":{"title":"Hakk\u0131nda - Ebru Nakamura - Contemporary Artist","description":"Sanat\u00e7\u0131 ile ilgili bilgiler, sanat\u00e7\u0131n\u0131n sanat g\u00f6r\u00fc\u015f\u00fc, \u00e7al\u0131\u015fmalar\u0131 ve kulland\u0131\u011f\u0131 teknikler hakk\u0131nda bilgiler","robots":{"index":"index","follow":"follow","max-snippet":"max-snippet:-1","max-image-preview":"max-image-preview:large","max-video-preview":"max-video-preview:-1"},"canonical":"https:\/\/ebrunakamura.com\/tr\/hakkinda\/","og_locale":"tr_TR","og_type":"article","og_title":"Hakk\u0131nda - Ebru Nakamura - Contemporary Artist","og_description":"Sanat\u00e7\u0131 ile ilgili bilgiler, sanat\u00e7\u0131n\u0131n sanat g\u00f6r\u00fc\u015f\u00fc, \u00e7al\u0131\u015fmalar\u0131 ve kulland\u0131\u011f\u0131 teknikler hakk\u0131nda bilgiler","og_url":"https:\/\/ebrunakamura.com\/tr\/hakkinda\/","og_site_name":"Ebru Nakamura - Contemporary Artist","article_modified_time":"2025-10-03T20:11:31+00:00","twitter_card":"summary_large_image","twitter_misc":{"Tahmini okuma s\u00fcresi":"2 dakika"},"schema":{"@context":"https:\/\/schema.org","@graph":[{"@type":"WebPage","@id":"https:\/\/ebrunakamura.com\/tr\/hakkinda\/","url":"https:\/\/ebrunakamura.com\/tr\/hakkinda\/","name":"Hakk\u0131nda - Ebru Nakamura - Contemporary Artist","isPartOf":{"@id":"https:\/\/ebrunakamura.com\/tr\/#website"},"datePublished":"2015-03-12T14:52:34+00:00","dateModified":"2025-10-03T20:11:31+00:00","description":"Sanat\u00e7\u0131 ile ilgili bilgiler, sanat\u00e7\u0131n\u0131n sanat g\u00f6r\u00fc\u015f\u00fc, \u00e7al\u0131\u015fmalar\u0131 ve kulland\u0131\u011f\u0131 teknikler hakk\u0131nda bilgiler","breadcrumb":{"@id":"https:\/\/ebrunakamura.com\/tr\/hakkinda\/#breadcrumb"},"inLanguage":"tr","potentialAction":[{"@type":"ReadAction","target":["https:\/\/ebrunakamura.com\/tr\/hakkinda\/"]}]},{"@type":"BreadcrumbList","@id":"https:\/\/ebrunakamura.com\/tr\/hakkinda\/#breadcrumb","itemListElement":[{"@type":"ListItem","position":1,"name":"Home","item":"https:\/\/ebrunakamura.com\/tr\/"},{"@type":"ListItem","position":2,"name":"Hakk\u0131nda"}]},{"@type":"WebSite","@id":"https:\/\/ebrunakamura.com\/tr\/#website","url":"https:\/\/ebrunakamura.com\/tr\/","name":"Ebru Nakamura - Contemporary Artist","description":"Ebru Nakamura&#039;s Portfolio - Contemporary Art","potentialAction":[{"@type":"SearchAction","target":{"@type":"EntryPoint","urlTemplate":"https:\/\/ebrunakamura.com\/tr\/?s={search_term_string}"},"query-input":{"@type":"PropertyValueSpecification","valueRequired":true,"valueName":"search_term_string"}}],"inLanguage":"tr"}]}},"_links":{"self":[{"href":"https:\/\/ebrunakamura.com\/tr\/wp-json\/wp\/v2\/pages\/2167","targetHints":{"allow":["GET"]}}],"collection":[{"href":"https:\/\/ebrunakamura.com\/tr\/wp-json\/wp\/v2\/pages"}],"about":[{"href":"https:\/\/ebrunakamura.com\/tr\/wp-json\/wp\/v2\/types\/page"}],"author":[{"embeddable":true,"href":"https:\/\/ebrunakamura.com\/tr\/wp-json\/wp\/v2\/users\/1"}],"replies":[{"embeddable":true,"href":"https:\/\/ebrunakamura.com\/tr\/wp-json\/wp\/v2\/comments?post=2167"}],"version-history":[{"count":10,"href":"https:\/\/ebrunakamura.com\/tr\/wp-json\/wp\/v2\/pages\/2167\/revisions"}],"predecessor-version":[{"id":5293,"href":"https:\/\/ebrunakamura.com\/tr\/wp-json\/wp\/v2\/pages\/2167\/revisions\/5293"}],"wp:attachment":[{"href":"https:\/\/ebrunakamura.com\/tr\/wp-json\/wp\/v2\/media?parent=2167"}],"curies":[{"name":"wp","href":"https:\/\/api.w.org\/{rel}","templated":true}]}}