{"id":3359,"date":"2015-03-19T17:54:23","date_gmt":"2015-03-19T17:54:23","guid":{"rendered":"http:\/\/demo-content.kaliumtheme.com\/main\/?page_id=3359"},"modified":"2025-10-03T15:04:05","modified_gmt":"2025-10-03T15:04:05","slug":"sanatci","status":"publish","type":"page","link":"https:\/\/ebrunakamura.com\/tr\/","title":{"rendered":"Ebru Nakamura &#8211; Sanat\u00e7\u0131"},"content":{"rendered":"<div class=\"wpb-content-wrapper\"><p>[vc_row full_width=&#8221;stretch_row_content_no_spaces&#8221;][vc_column]\n\t\t\t<!-- START ebrunakamura REVOLUTION SLIDER 6.7.37 --><p class=\"rs-p-wp-fix\"><\/p>\n\t\t\t<rs-module-wrap id=\"rev_slider_15_1_wrapper\" data-source=\"gallery\" style=\"visibility:hidden;background:transparent;padding:0;margin:0px auto;margin-top:0;margin-bottom:0;\">\n\t\t\t\t<rs-module id=\"rev_slider_15_1\" style=\"\" data-version=\"6.7.37\">\n\t\t\t\t\t<rs-slides style=\"overflow: hidden; position: absolute;\">\n\t\t\t\t\t\t<rs-slide style=\"position: absolute;\" data-key=\"rs-31\" data-title=\"Slide\" data-in=\"o:0;\" data-out=\"a:false;\">\n\t\t\t\t\t\t\t<img decoding=\"async\" src=\"\/\/ebrunakamura.com\/wp-content\/plugins\/revslider\/sr6\/assets\/assets\/dummy.png\" alt=\"Pastoral Ritim, 2022, Ka\u011f\u0131t \u00fczerine sentetik polimer boya, 50x70cm\" title=\"ebru-nakamura-art-acrylic-pastoralrhythm-50&#215;70\" width=\"1170\" height=\"798\" class=\"rev-slidebg tp-rs-img rs-lazyload\" data-lazyload=\"\/\/ebrunakamura.com\/wp-content\/plugins\/revslider\/sr6\/assets\/assets\/transparent.png\" data-no-retina>\n<!--\n\t\t\t\t\t\t\t--><rs-layer\n\t\t\t\t\t\t\t\tid=\"slider-15-slide-31-layer-0\" \n\t\t\t\t\t\t\t\tdata-type=\"image\"\n\t\t\t\t\t\t\t\tdata-rsp_ch=\"on\"\n\t\t\t\t\t\t\t\tdata-xy=\"x:50px;y:50px;\"\n\t\t\t\t\t\t\t\tdata-text=\"w:normal;\"\n\t\t\t\t\t\t\t\tdata-dim=\"w:1170px;h:834px;\"\n\t\t\t\t\t\t\t\tdata-frame_999=\"o:0;st:w;\"\n\t\t\t\t\t\t\t\tstyle=\"z-index:5;\"\n\t\t\t\t\t\t\t><img decoding=\"async\" src=\"\/\/ebrunakamura.com\/wp-content\/plugins\/revslider\/sr6\/assets\/assets\/dummy.png\" alt=\"Pastoral Ritim, 2022, Ka\u011f\u0131t \u00fczerine sentetik polimer boya, 50x70cm\" class=\"tp-rs-img rs-lazyload\" width=\"1170\" height=\"798\" data-lazyload=\"\/\/ebrunakamura.com\/wp-content\/uploads\/2023\/02\/ebru-nakamura-art-acrylic-pastoralrhythm-50x70-1.jpg\" data-no-retina> \n\t\t\t\t\t\t\t<\/rs-layer><!--\n-->\t\t\t\t\t<\/rs-slide>\n\t\t\t\t\t<\/rs-slides>\n\t\t\t\t<\/rs-module>\n\t\t\t\t<script>\n\t\t\t\t\tsetREVStartSize({c: 'rev_slider_15_1',rl:[1240,1024,778,480],el:[900],gw:[1240],gh:[900],type:'hero',justify:'',layout:'fullwidth',mh:\"0\"});if (window.RS_MODULES!==undefined && window.RS_MODULES.modules!==undefined && window.RS_MODULES.modules[\"revslider151\"]!==undefined) {window.RS_MODULES.modules[\"revslider151\"].once = false;window.revapi15 = undefined;if (window.RS_MODULES.checkMinimal!==undefined) window.RS_MODULES.checkMinimal()}\n\t\t\t\t<\/script>\n\t\t\t<\/rs-module-wrap>\n\t\t\t<!-- END REVOLUTION SLIDER -->\n[\/vc_column][\/vc_row][vc_row][vc_column][vc_empty_space][vc_column_text css=&#8221;&#8221;]<span style=\"font-weight: 400;\">EBRU NAKAMURA ya\u015fam\u0131n ve insan deneyiminin ak\u0131\u015fkanl\u0131\u011f\u0131n\u0131, dinamizmini ve \u00e7eli\u015fkilerini eserlerine yans\u0131tmay\u0131 ama\u00e7layan \u00e7a\u011fda\u015f bir sanat\u00e7\u0131d\u0131r.<\/span><\/p>\n<p>&#8220;<span style=\"font-weight: 400;\">Resimlerimde formlar\u0131n ve renklerin geleneksel kullan\u0131m bi\u00e7imlerinin d\u0131\u015f\u0131na \u00e7\u0131karak farkl\u0131 bir anlat\u0131m bi\u00e7imi olu\u015fturmaya \u00e7al\u0131\u015f\u0131yorum. Anl\u0131k olarak yapmaya ba\u015flad\u0131\u011f\u0131m resimlerimde organik, ak\u0131\u015fkan ve kendili\u011finden olu\u015fan formlara yer vermeyi seviyorum. \u0130nsan g\u00f6z\u00fc dar bir elektromanyetik spektrum aral\u0131\u011f\u0131nda \u00e7evresini g\u00f6rebiliyor; \u00e7evre alg\u0131s\u0131 ve hayat\u0131 alg\u0131lay\u0131\u015f\u0131 tamamen ki\u015fisel deneyimler ile \u015fekilleniyor. Zihnin \u00e7al\u0131\u015fmas\u0131 ve tepkileri, tahminler \u00fczerine kurulu. \u0130nsan, \u00e7o\u011funlu\u011fun kabul etti\u011fi olgular\u0131 ger\u00e7ek olarak kabul ediyor; asl\u0131nda, ortada anlad\u0131\u011f\u0131m\u0131z haliyle bir ger\u00e7eklik yok. T\u00fcm bunlar, ifade etmek istedi\u011fim d\u00fc\u015f\u00fcnce ve duygular i\u00e7in son derece \u00f6zg\u00fcr bir zemin yarat\u0131yor. Evrendeki her \u015feyin hareket bi\u00e7imi, ak\u0131\u015f\u0131, co\u015fkusu ya da dura\u011fanl\u0131\u011f\u0131, tezatl\u0131klar ve uyum, formlar\u0131n ve renklerin de\u011fi\u015fmesi, d\u00f6n\u00fc\u015fmesi ve bu s\u00fcre\u00e7lerin t\u00fcm\u00fcn\u00fcn asl\u0131nda hayat dedi\u011fimiz deneyimin yap\u0131ta\u015flar\u0131 oldu\u011funu d\u00fc\u015f\u00fcn\u00fcyorum.<\/span><span style=\"font-weight: 400;\">&#8220;<\/span>[\/vc_column_text][\/vc_column][\/vc_row][vc_row no_bottom_margin=&#8221;yes&#8221; css=&#8221;.vc_custom_1561451020303{padding-top: 40px !important;padding-bottom: 40px !important;}&#8221;][vc_column css=&#8221;.vc_custom_1498251402115{padding-top: 0px !important;}&#8221;][lab_portfolio_items default_filter_category=&#8221;guncel-eserler&#8221; filter_category_hide_all=&#8221;yes&#8221; portfolio_type=&#8221;type-2&#8243; dynamic_image_height=&#8221;yes&#8221; pagination_type=&#8221;endless&#8221; portfolio_query=&#8221;size:8|order_by:date|order:DESC|post_type:portfolio&#8221;][\/vc_column][\/vc_row]<\/p>\n<\/div>","protected":false},"excerpt":{"rendered":"<p>[vc_row full_width=&#8221;stretch_row_content_no_spaces&#8221;][vc_column][\/vc_column][\/vc_row][vc_row][vc_column][vc_empty_space][vc_column_text css=&#8221;&#8221;]EBRU NAKAMURA ya\u015fam\u0131n ve insan deneyiminin ak\u0131\u015fkanl\u0131\u011f\u0131n\u0131, dinamizmini ve \u00e7eli\u015fkilerini eserlerine yans\u0131tmay\u0131 ama\u00e7layan \u00e7a\u011fda\u015f bir sanat\u00e7\u0131d\u0131r. &#8220;Resimlerimde formlar\u0131n ve renklerin geleneksel kullan\u0131m bi\u00e7imlerinin d\u0131\u015f\u0131na \u00e7\u0131karak farkl\u0131 bir anlat\u0131m bi\u00e7imi olu\u015fturmaya \u00e7al\u0131\u015f\u0131yorum. Anl\u0131k olarak yapmaya ba\u015flad\u0131\u011f\u0131m resimlerimde organik, ak\u0131\u015fkan ve kendili\u011finden olu\u015fan formlara yer vermeyi seviyorum. \u0130nsan g\u00f6z\u00fc dar bir elektromanyetik spektrum aral\u0131\u011f\u0131nda \u00e7evresini&hellip;<\/p>\n","protected":false},"author":1,"featured_media":0,"parent":0,"menu_order":0,"comment_status":"open","ping_status":"open","template":"","meta":{"om_disable_all_campaigns":false,"_mi_skip_tracking":false,"footnotes":""},"class_list":["post-3359","page","type-page","status-publish","hentry"],"acf":[],"yoast_head":"<!-- This site is optimized with the Yoast SEO plugin v26.1.1 - https:\/\/yoast.com\/wordpress\/plugins\/seo\/ -->\n<title>Ebru Nakamura - Sanat\u00e7\u0131 - Ebru Nakamura - Contemporary Artist<\/title>\n<meta name=\"description\" content=\"Sanat\u00e7\u0131 hakk\u0131nda g\u00fcncel bilgiler. Sanat\u00e7\u0131n\u0131n eserleri, sergileri, biyografisi ve ileti\u015fim bilgileri.\" \/>\n<meta name=\"robots\" content=\"index, follow, max-snippet:-1, max-image-preview:large, max-video-preview:-1\" \/>\n<link rel=\"canonical\" href=\"https:\/\/ebrunakamura.com\/tr\/\" \/>\n<meta property=\"og:locale\" content=\"tr_TR\" \/>\n<meta property=\"og:type\" content=\"article\" \/>\n<meta property=\"og:title\" content=\"Ebru Nakamura - Sanat\u00e7\u0131 - Ebru Nakamura - Contemporary Artist\" \/>\n<meta property=\"og:description\" content=\"Sanat\u00e7\u0131 hakk\u0131nda g\u00fcncel bilgiler. Sanat\u00e7\u0131n\u0131n eserleri, sergileri, biyografisi ve ileti\u015fim bilgileri.\" \/>\n<meta property=\"og:url\" content=\"https:\/\/ebrunakamura.com\/tr\/\" \/>\n<meta property=\"og:site_name\" content=\"Ebru Nakamura - Contemporary Artist\" \/>\n<meta property=\"article:modified_time\" content=\"2025-10-03T15:04:05+00:00\" \/>\n<meta name=\"twitter:card\" content=\"summary_large_image\" \/>\n<meta name=\"twitter:label1\" content=\"Tahmini okuma s\u00fcresi\" \/>\n\t<meta name=\"twitter:data1\" content=\"1 dakika\" \/>\n<script type=\"application\/ld+json\" class=\"yoast-schema-graph\">{\"@context\":\"https:\/\/schema.org\",\"@graph\":[{\"@type\":\"WebPage\",\"@id\":\"https:\/\/ebrunakamura.com\/tr\/\",\"url\":\"https:\/\/ebrunakamura.com\/tr\/\",\"name\":\"Ebru Nakamura - Sanat\u00e7\u0131 - Ebru Nakamura - Contemporary Artist\",\"isPartOf\":{\"@id\":\"https:\/\/ebrunakamura.com\/tr\/#website\"},\"datePublished\":\"2015-03-19T17:54:23+00:00\",\"dateModified\":\"2025-10-03T15:04:05+00:00\",\"description\":\"Sanat\u00e7\u0131 hakk\u0131nda g\u00fcncel bilgiler. Sanat\u00e7\u0131n\u0131n eserleri, sergileri, biyografisi ve ileti\u015fim bilgileri.\",\"breadcrumb\":{\"@id\":\"https:\/\/ebrunakamura.com\/tr\/#breadcrumb\"},\"inLanguage\":\"tr\",\"potentialAction\":[{\"@type\":\"ReadAction\",\"target\":[\"https:\/\/ebrunakamura.com\/tr\/\"]}]},{\"@type\":\"BreadcrumbList\",\"@id\":\"https:\/\/ebrunakamura.com\/tr\/#breadcrumb\",\"itemListElement\":[{\"@type\":\"ListItem\",\"position\":1,\"name\":\"Home\",\"item\":\"https:\/\/ebrunakamura.com\/tr\/\"},{\"@type\":\"ListItem\",\"position\":2,\"name\":\"Ebru Nakamura &#8211; Sanat\u00e7\u0131\"}]},{\"@type\":\"WebSite\",\"@id\":\"https:\/\/ebrunakamura.com\/tr\/#website\",\"url\":\"https:\/\/ebrunakamura.com\/tr\/\",\"name\":\"Ebru Nakamura - Contemporary Artist\",\"description\":\"Ebru Nakamura&#039;s Portfolio - Contemporary Art\",\"potentialAction\":[{\"@type\":\"SearchAction\",\"target\":{\"@type\":\"EntryPoint\",\"urlTemplate\":\"https:\/\/ebrunakamura.com\/tr\/?s={search_term_string}\"},\"query-input\":{\"@type\":\"PropertyValueSpecification\",\"valueRequired\":true,\"valueName\":\"search_term_string\"}}],\"inLanguage\":\"tr\"}]}<\/script>\n<!-- \/ Yoast SEO plugin. -->","yoast_head_json":{"title":"Ebru Nakamura - Sanat\u00e7\u0131 - Ebru Nakamura - Contemporary Artist","description":"Sanat\u00e7\u0131 hakk\u0131nda g\u00fcncel bilgiler. Sanat\u00e7\u0131n\u0131n eserleri, sergileri, biyografisi ve ileti\u015fim bilgileri.","robots":{"index":"index","follow":"follow","max-snippet":"max-snippet:-1","max-image-preview":"max-image-preview:large","max-video-preview":"max-video-preview:-1"},"canonical":"https:\/\/ebrunakamura.com\/tr\/","og_locale":"tr_TR","og_type":"article","og_title":"Ebru Nakamura - Sanat\u00e7\u0131 - Ebru Nakamura - Contemporary Artist","og_description":"Sanat\u00e7\u0131 hakk\u0131nda g\u00fcncel bilgiler. Sanat\u00e7\u0131n\u0131n eserleri, sergileri, biyografisi ve ileti\u015fim bilgileri.","og_url":"https:\/\/ebrunakamura.com\/tr\/","og_site_name":"Ebru Nakamura - Contemporary Artist","article_modified_time":"2025-10-03T15:04:05+00:00","twitter_card":"summary_large_image","twitter_misc":{"Tahmini okuma s\u00fcresi":"1 dakika"},"schema":{"@context":"https:\/\/schema.org","@graph":[{"@type":"WebPage","@id":"https:\/\/ebrunakamura.com\/tr\/","url":"https:\/\/ebrunakamura.com\/tr\/","name":"Ebru Nakamura - Sanat\u00e7\u0131 - Ebru Nakamura - Contemporary Artist","isPartOf":{"@id":"https:\/\/ebrunakamura.com\/tr\/#website"},"datePublished":"2015-03-19T17:54:23+00:00","dateModified":"2025-10-03T15:04:05+00:00","description":"Sanat\u00e7\u0131 hakk\u0131nda g\u00fcncel bilgiler. Sanat\u00e7\u0131n\u0131n eserleri, sergileri, biyografisi ve ileti\u015fim bilgileri.","breadcrumb":{"@id":"https:\/\/ebrunakamura.com\/tr\/#breadcrumb"},"inLanguage":"tr","potentialAction":[{"@type":"ReadAction","target":["https:\/\/ebrunakamura.com\/tr\/"]}]},{"@type":"BreadcrumbList","@id":"https:\/\/ebrunakamura.com\/tr\/#breadcrumb","itemListElement":[{"@type":"ListItem","position":1,"name":"Home","item":"https:\/\/ebrunakamura.com\/tr\/"},{"@type":"ListItem","position":2,"name":"Ebru Nakamura &#8211; Sanat\u00e7\u0131"}]},{"@type":"WebSite","@id":"https:\/\/ebrunakamura.com\/tr\/#website","url":"https:\/\/ebrunakamura.com\/tr\/","name":"Ebru Nakamura - Contemporary Artist","description":"Ebru Nakamura&#039;s Portfolio - Contemporary Art","potentialAction":[{"@type":"SearchAction","target":{"@type":"EntryPoint","urlTemplate":"https:\/\/ebrunakamura.com\/tr\/?s={search_term_string}"},"query-input":{"@type":"PropertyValueSpecification","valueRequired":true,"valueName":"search_term_string"}}],"inLanguage":"tr"}]}},"_links":{"self":[{"href":"https:\/\/ebrunakamura.com\/tr\/wp-json\/wp\/v2\/pages\/3359","targetHints":{"allow":["GET"]}}],"collection":[{"href":"https:\/\/ebrunakamura.com\/tr\/wp-json\/wp\/v2\/pages"}],"about":[{"href":"https:\/\/ebrunakamura.com\/tr\/wp-json\/wp\/v2\/types\/page"}],"author":[{"embeddable":true,"href":"https:\/\/ebrunakamura.com\/tr\/wp-json\/wp\/v2\/users\/1"}],"replies":[{"embeddable":true,"href":"https:\/\/ebrunakamura.com\/tr\/wp-json\/wp\/v2\/comments?post=3359"}],"version-history":[{"count":21,"href":"https:\/\/ebrunakamura.com\/tr\/wp-json\/wp\/v2\/pages\/3359\/revisions"}],"predecessor-version":[{"id":5243,"href":"https:\/\/ebrunakamura.com\/tr\/wp-json\/wp\/v2\/pages\/3359\/revisions\/5243"}],"wp:attachment":[{"href":"https:\/\/ebrunakamura.com\/tr\/wp-json\/wp\/v2\/media?parent=3359"}],"curies":[{"name":"wp","href":"https:\/\/api.w.org\/{rel}","templated":true}]}}